{"id":12,"date":"2016-05-04T10:44:11","date_gmt":"2016-05-04T10:44:11","guid":{"rendered":"http:\/\/redepolitecnicosdesporto.com\/forum\/?page_id=12"},"modified":"2016-06-28T15:06:26","modified_gmt":"2016-06-28T15:06:26","slug":"informacoes","status":"publish","type":"page","link":"https:\/\/redepolitecnicosdesporto.pt\/forum\/informacoes\/","title":{"rendered":"Informa\u00e7\u00f5es \u00fateis"},"content":{"rendered":"<h4><strong>COMO CHEGAR A SET\u00daBAL<\/strong><\/h4>\n<h5>&#8211; De carro:<\/h5>\n<blockquote><p>A partir de Lisboa (50 Km)<br \/>\nUtilize a A2 at\u00e9 Set\u00fabal. Entre na A12. Siga depois pela N10-8.<\/p>\n<p>A partir do Porto (350 Km)<br \/>\nUtilize a A1 at\u00e9 lisboa. Siga pela A12 at\u00e9 Set\u00fabal e depois pela N10-8.<\/p>\n<p>A partir de Coimbra (245 Km)<br \/>\nUtilize a A1 at\u00e9 lisboa. Siga pela A12 at\u00e9 Set\u00fabal e depois pela N10-8.<\/p><\/blockquote>\n<h5>&#8211; Por autocarro ou comboio:<\/h5>\n<blockquote><p>Pode utilizar a rede de autocarros ou comboio.<\/p>\n<p>Consulta de hor\u00e1rios:<br \/>\nAutocarros: Rede Nacional de Expressos;<br \/>\nComboio: CP &#8211; Comboios de Portugal<\/p><\/blockquote>\n<p>&nbsp;<\/p>\n<h4>Dist\u00e2ncias at\u00e9 SET\u00daBAL<\/h4>\n<p>Lisboa &#8211; 50 km<br \/>\nPorto &#8211; 350 km<br \/>\nCoimbra &#8211; 245 Km<br \/>\nMelga\u00e7o \u2013 501 Km<br \/>\nBragan\u00e7a \u2013 522 Km<br \/>\nFaro \u2013 245 Km<\/p>\n<h4>Coordenadas GPS<\/h4>\n<p>Latitude: 38\u00b031&#8217;19.2&#8243;N<br \/>\nLongitude: 8\u00b050&#8217;18.9&#8243;W<\/p>\n<p>Mapa :\u00a0 <a href=\"http:\/\/goo.gl\/maps\/xG9NN\">http:\/\/goo.gl\/maps\/xG9NN<\/a><\/p>\n<h4><\/h4>\n<h4><\/h4>\n","protected":false},"excerpt":{"rendered":"<p>COMO CHEGAR A SET\u00daBAL &#8211; De carro: A partir de Lisboa (50 Km) Utilize a A2 at\u00e9 Set\u00fabal. Entre na A12. Siga depois pela N10-8. A partir do Porto (350 Km) Utilize a A1 at\u00e9 lisboa. Siga pela A12 at\u00e9 Set\u00fabal e depois pela N10-8. A partir de Coimbra (245 Km) Utilize a A1 at\u00e9 &hellip; <a href=\"https:\/\/redepolitecnicosdesporto.pt\/forum\/informacoes\/\" class=\"more-link\">Continuar a ler <span class=\"screen-reader-text\">Informa\u00e7\u00f5es \u00fateis<\/span><\/a><\/p>\n","protected":false},"author":1,"featured_media":0,"parent":0,"menu_order":0,"comment_status":"closed","ping_status":"closed","template":"","meta":{"footnotes":""},"class_list":["post-12","page","type-page","status-publish","hentry"],"_links":{"self":[{"href":"https:\/\/redepolitecnicosdesporto.pt\/forum\/wp-json\/wp\/v2\/pages\/12","targetHints":{"allow":["GET"]}}],"collection":[{"href":"https:\/\/redepolitecnicosdesporto.pt\/forum\/wp-json\/wp\/v2\/pages"}],"about":[{"href":"https:\/\/redepolitecnicosdesporto.pt\/forum\/wp-json\/wp\/v2\/types\/page"}],"author":[{"embeddable":true,"href":"https:\/\/redepolitecnicosdesporto.pt\/forum\/wp-json\/wp\/v2\/users\/1"}],"replies":[{"embeddable":true,"href":"https:\/\/redepolitecnicosdesporto.pt\/forum\/wp-json\/wp\/v2\/comments?post=12"}],"version-history":[{"count":4,"href":"https:\/\/redepolitecnicosdesporto.pt\/forum\/wp-json\/wp\/v2\/pages\/12\/revisions"}],"predecessor-version":[{"id":71,"href":"https:\/\/redepolitecnicosdesporto.pt\/forum\/wp-json\/wp\/v2\/pages\/12\/revisions\/71"}],"wp:attachment":[{"href":"https:\/\/redepolitecnicosdesporto.pt\/forum\/wp-json\/wp\/v2\/media?parent=12"}],"curies":[{"name":"wp","href":"https:\/\/api.w.org\/{rel}","templated":true}]}}