{"id":14,"date":"2016-05-04T10:44:23","date_gmt":"2016-05-04T10:44:23","guid":{"rendered":"http:\/\/redepolitecnicosdesporto.com\/forum\/?page_id=14"},"modified":"2016-05-04T17:14:41","modified_gmt":"2016-05-04T17:14:41","slug":"contactos","status":"publish","type":"page","link":"https:\/\/redepolitecnicosdesporto.pt\/forum\/contactos\/","title":{"rendered":"Contactos"},"content":{"rendered":"<p>REDESPP &#8211; Rede de Escolas com Forma\u00e7\u00e3o em Desporto do Ensino Superior Polit\u00e9cnico P\u00fablico<\/p>\n<p>Secretariado \u2013 Dra. Estela van Zeller<\/p>\n<p>Av. Dr. M\u00e1rio Soares, 110, 2040-413 Rio Maior<br \/>\nTelf: +351. 243 999 280<br \/>\nEmail: redepolitecnicosdesporto@gmail.com<u><br \/>\n<\/u>Web: <a href=\"http:\/\/redepolitecnicosdesporto.com\">redepolitecnicosdesporto.com<\/a><\/p>\n","protected":false},"excerpt":{"rendered":"<p>REDESPP &#8211; Rede de Escolas com Forma\u00e7\u00e3o em Desporto do Ensino Superior Polit\u00e9cnico P\u00fablico Secretariado \u2013 Dra. Estela van Zeller Av. Dr. M\u00e1rio Soares, 110, 2040-413 Rio Maior Telf: +351. 243 999 280 Email: redepolitecnicosdesporto@gmail.com Web: redepolitecnicosdesporto.com<\/p>\n","protected":false},"author":1,"featured_media":0,"parent":0,"menu_order":0,"comment_status":"closed","ping_status":"closed","template":"","meta":{"footnotes":""},"class_list":["post-14","page","type-page","status-publish","hentry"],"_links":{"self":[{"href":"https:\/\/redepolitecnicosdesporto.pt\/forum\/wp-json\/wp\/v2\/pages\/14","targetHints":{"allow":["GET"]}}],"collection":[{"href":"https:\/\/redepolitecnicosdesporto.pt\/forum\/wp-json\/wp\/v2\/pages"}],"about":[{"href":"https:\/\/redepolitecnicosdesporto.pt\/forum\/wp-json\/wp\/v2\/types\/page"}],"author":[{"embeddable":true,"href":"https:\/\/redepolitecnicosdesporto.pt\/forum\/wp-json\/wp\/v2\/users\/1"}],"replies":[{"embeddable":true,"href":"https:\/\/redepolitecnicosdesporto.pt\/forum\/wp-json\/wp\/v2\/comments?post=14"}],"version-history":[{"count":3,"href":"https:\/\/redepolitecnicosdesporto.pt\/forum\/wp-json\/wp\/v2\/pages\/14\/revisions"}],"predecessor-version":[{"id":43,"href":"https:\/\/redepolitecnicosdesporto.pt\/forum\/wp-json\/wp\/v2\/pages\/14\/revisions\/43"}],"wp:attachment":[{"href":"https:\/\/redepolitecnicosdesporto.pt\/forum\/wp-json\/wp\/v2\/media?parent=14"}],"curies":[{"name":"wp","href":"https:\/\/api.w.org\/{rel}","templated":true}]}}