{"id":2,"date":"2016-05-04T10:08:53","date_gmt":"2016-05-04T10:08:53","guid":{"rendered":"http:\/\/redepolitecnicosdesporto.com\/forum\/?page_id=2"},"modified":"2016-09-12T08:14:17","modified_gmt":"2016-09-12T08:14:17","slug":"apresentacao","status":"publish","type":"page","link":"https:\/\/redepolitecnicosdesporto.pt\/forum\/apresentacao\/","title":{"rendered":"Comiss\u00f5es"},"content":{"rendered":"<p><strong>COMISS\u00c3O ORGANIZADORA:<\/strong><\/p>\n<p>C.M.Set\u00fabal\u00a0 \u201cSet\u00fabal Cidade Europeia do Desporto 2016\u201d &#8211; Luis Liberato, Ant\u00f3nio Lopes<br \/>\nREDESPP &#8211; Jos\u00e9 Rodrigues, Lu\u00eds Murta, Teresa Figueiredo, Abel Figueiredo, Sergio Dam\u00e1sio, Pedro Bezerra, Teresa Fonseca<br \/>\nIPSet\u00fabal &#8211; ESE Set\u00fabal &#8211; Ana Cristina Figueira, Paulo Nunes, Ana Pereira, M\u00e1rio Espada e Estudantes<br \/>\nIPSantar\u00e9m &#8211;\u00a0Estela van Zeller (ESDRM), Luis Martins (CIIPS)<\/p>\n<p><strong>\u00a0<\/strong><\/p>\n<p><strong>COMISS\u00c3O DE HONRA:<\/strong><\/p>\n<p>Ministro da Ci\u00eancia Tecnologia e Ensino Superior<br \/>\nSecret\u00e1ria de Estado da Ci\u00eancia Tecnologia e Ensino Superior<br \/>\nSecret\u00e1rio de Estado da Juventude e do Desporto<br \/>\nDiretor Geral da Sa\u00fade<br \/>\nPresidente do Instituto Portugu\u00eas do Desporto e Juventude<br \/>\nPresidente do Conselho Coordenador dos Institutos Superiores Polit\u00e9cnicos<br \/>\nPresidente do Instituto Polit\u00e9cnico de Set\u00fabal<br \/>\nPresidente da C\u00e2mara Municipal Set\u00fabal<br \/>\nPresidente do Instituto Polit\u00e9cnico de Beja<br \/>\nPresidente do Instituto Polit\u00e9cnico de Bragan\u00e7a<br \/>\nPresidente do Instituto Polit\u00e9cnico de Castelo Branco<br \/>\nPresidente do Instituto Polit\u00e9cnico de Coimbra<br \/>\nPresidente do Instituto Polit\u00e9cnico de Guarda<br \/>\nPresidente do Instituto Polit\u00e9cnico de Leiria<br \/>\nPresidente do Instituto Polit\u00e9cnico de Porto<br \/>\nPresidente do Instituto Polit\u00e9cnico de Santar\u00e9m<br \/>\nPresidente do Instituto Polit\u00e9cnico de Viana de Castelo<br \/>\nPresidente do Instituto Polit\u00e9cnico de Viseu<br \/>\nReitor da Universidade do Algarve<br \/>\nPresidente do Comit\u00e9 Ol\u00edmpico de Portugal<br \/>\nPresidente do Comit\u00e9 Paral\u00edmpico de Portugal<br \/>\nPresidente da Funda\u00e7\u00e3o do Desporto<br \/>\nDiretora da Escola Superior de Educa\u00e7\u00e3o do IPSet\u00fabal<br \/>\nPresidente da European Network of Sport Education<br \/>\nSecretario Geral do Desporto da Andaluzia<\/p>\n<p>&nbsp;<\/p>\n<p><strong>COMISS\u00c3O CIENT\u00cdFICA:<\/strong><\/p>\n<p>Abel Figueiredo, Abel Santos, Ant\u00f3nio Cardoso, Antonio Fernandez Martinez, Ant\u00f3nio Lopes, Antonio Mendo, Carolina Vila Ch\u00e3, Celina Gon\u00e7alves, Elsa Pereira, Francisco Mendes, Humberto Santos, Jo\u00e3o Carvalho, Jo\u00e3o Cruz, Jo\u00e3o Mout\u00e3o, Jo\u00e3o Serrano, Jorge Dantas, Jos\u00e9 Constantino, Jos\u00e9 Curado, Jos\u00e9 Rodrigues, Lu\u00eds Cid, Lu\u00eds Coelho, Lu\u00eds Liberato, Lu\u00eds Murta, M\u00e1rio Espada, M\u00e1rio Moreira, Paolo Parisi, Paulo Pereira, Pedro Bezerra, Pedro Magalh\u00e3es, Pedro Sequeira, Rui Mendes, Rui Paulo, S\u00e9rgio Dam\u00e1sio, Teresa Figueiredo, Teresa Fonseca, V\u00e2nia Loureiro, Vitor Lopes<\/p>\n<p>&nbsp;<\/p>\n<p><strong>Conferencistas Convidados:<\/strong><\/p>\n<p>Presidente da European Network of Sport Education (Paolo Parisi)<br \/>\nSecretario Geral do Desporto &#8211; Andaluzia (Antonio Fernandez Martinez)<\/p>\n","protected":false},"excerpt":{"rendered":"<p>COMISS\u00c3O ORGANIZADORA: C.M.Set\u00fabal\u00a0 \u201cSet\u00fabal Cidade Europeia do Desporto 2016\u201d &#8211; Luis Liberato, Ant\u00f3nio Lopes REDESPP &#8211; Jos\u00e9 Rodrigues, Lu\u00eds Murta, Teresa Figueiredo, Abel Figueiredo, Sergio Dam\u00e1sio, Pedro Bezerra, Teresa Fonseca IPSet\u00fabal &#8211; ESE Set\u00fabal &#8211; Ana Cristina Figueira, Paulo Nunes, Ana Pereira, M\u00e1rio Espada e Estudantes IPSantar\u00e9m &#8211;\u00a0Estela van Zeller (ESDRM), Luis Martins (CIIPS) \u00a0 &hellip; <a href=\"https:\/\/redepolitecnicosdesporto.pt\/forum\/apresentacao\/\" class=\"more-link\">Continuar a ler <span class=\"screen-reader-text\">Comiss\u00f5es<\/span><\/a><\/p>\n","protected":false},"author":1,"featured_media":0,"parent":0,"menu_order":0,"comment_status":"closed","ping_status":"open","template":"","meta":{"footnotes":""},"class_list":["post-2","page","type-page","status-publish","hentry"],"_links":{"self":[{"href":"https:\/\/redepolitecnicosdesporto.pt\/forum\/wp-json\/wp\/v2\/pages\/2","targetHints":{"allow":["GET"]}}],"collection":[{"href":"https:\/\/redepolitecnicosdesporto.pt\/forum\/wp-json\/wp\/v2\/pages"}],"about":[{"href":"https:\/\/redepolitecnicosdesporto.pt\/forum\/wp-json\/wp\/v2\/types\/page"}],"author":[{"embeddable":true,"href":"https:\/\/redepolitecnicosdesporto.pt\/forum\/wp-json\/wp\/v2\/users\/1"}],"replies":[{"embeddable":true,"href":"https:\/\/redepolitecnicosdesporto.pt\/forum\/wp-json\/wp\/v2\/comments?post=2"}],"version-history":[{"count":6,"href":"https:\/\/redepolitecnicosdesporto.pt\/forum\/wp-json\/wp\/v2\/pages\/2\/revisions"}],"predecessor-version":[{"id":79,"href":"https:\/\/redepolitecnicosdesporto.pt\/forum\/wp-json\/wp\/v2\/pages\/2\/revisions\/79"}],"wp:attachment":[{"href":"https:\/\/redepolitecnicosdesporto.pt\/forum\/wp-json\/wp\/v2\/media?parent=2"}],"curies":[{"name":"wp","href":"https:\/\/api.w.org\/{rel}","templated":true}]}}