{"id":32,"date":"2016-05-04T11:33:51","date_gmt":"2016-05-04T11:33:51","guid":{"rendered":"http:\/\/redepolitecnicosdesporto.com\/forum\/?page_id=32"},"modified":"2016-09-12T08:18:05","modified_gmt":"2016-09-12T08:18:05","slug":"1o-forum-da-redespp","status":"publish","type":"page","link":"https:\/\/redepolitecnicosdesporto.pt\/forum\/","title":{"rendered":"Apresenta\u00e7\u00e3o"},"content":{"rendered":"<p><strong>\u00a0<img loading=\"lazy\" decoding=\"async\" class=\"wp-image-61 alignleft\" src=\"http:\/\/redepolitecnicosdesporto.com\/forum\/wp-content\/uploads\/2016\/05\/ccisp-1418919048243-300x170.jpg\" alt=\"ccisp-1418919048243\" width=\"140\" height=\"80\" srcset=\"https:\/\/redepolitecnicosdesporto.pt\/forum\/wp-content\/uploads\/2016\/05\/ccisp-1418919048243-300x170.jpg 300w, https:\/\/redepolitecnicosdesporto.pt\/forum\/wp-content\/uploads\/2016\/05\/ccisp-1418919048243.jpg 345w\" sizes=\"auto, (max-width: 140px) 100vw, 140px\" \/><img loading=\"lazy\" decoding=\"async\" class=\"alignnone wp-image-64\" src=\"http:\/\/redepolitecnicosdesporto.com\/forum\/wp-content\/uploads\/2016\/05\/logotipo-REDESPP-300x152.png\" alt=\"logotipo REDESPP\" width=\"186\" height=\"94\" srcset=\"https:\/\/redepolitecnicosdesporto.pt\/forum\/wp-content\/uploads\/2016\/05\/logotipo-REDESPP-300x152.png 300w, https:\/\/redepolitecnicosdesporto.pt\/forum\/wp-content\/uploads\/2016\/05\/logotipo-REDESPP-768x389.png 768w, https:\/\/redepolitecnicosdesporto.pt\/forum\/wp-content\/uploads\/2016\/05\/logotipo-REDESPP-1024x519.png 1024w\" sizes=\"auto, (max-width: 186px) 100vw, 186px\" \/> <img loading=\"lazy\" decoding=\"async\" class=\"alignnone wp-image-65\" src=\"http:\/\/redepolitecnicosdesporto.com\/forum\/wp-content\/uploads\/2016\/05\/mctes.jpg\" alt=\"mctes\" width=\"143\" height=\"95\" \/> <\/strong><\/p>\n<p><strong><img loading=\"lazy\" decoding=\"async\" class=\"alignnone wp-image-63\" src=\"http:\/\/redepolitecnicosdesporto.com\/forum\/wp-content\/uploads\/2016\/05\/IPS_sem_fundo-300x300.png\" alt=\"IPS_sem_fundo\" width=\"113\" height=\"113\" srcset=\"https:\/\/redepolitecnicosdesporto.pt\/forum\/wp-content\/uploads\/2016\/05\/IPS_sem_fundo-300x300.png 300w, https:\/\/redepolitecnicosdesporto.pt\/forum\/wp-content\/uploads\/2016\/05\/IPS_sem_fundo-150x150.png 150w, https:\/\/redepolitecnicosdesporto.pt\/forum\/wp-content\/uploads\/2016\/05\/IPS_sem_fundo.png 500w\" sizes=\"auto, (max-width: 113px) 100vw, 113px\" \/> <img loading=\"lazy\" decoding=\"async\" class=\"alignnone wp-image-60\" src=\"http:\/\/redepolitecnicosdesporto.com\/forum\/wp-content\/uploads\/2016\/05\/1011472_545540642149826_1497433708_n-300x210.jpg\" alt=\"1011472_545540642149826_1497433708_n\" width=\"127\" height=\"89\" srcset=\"https:\/\/redepolitecnicosdesporto.pt\/forum\/wp-content\/uploads\/2016\/05\/1011472_545540642149826_1497433708_n-300x210.jpg 300w, https:\/\/redepolitecnicosdesporto.pt\/forum\/wp-content\/uploads\/2016\/05\/1011472_545540642149826_1497433708_n.jpg 685w\" sizes=\"auto, (max-width: 127px) 100vw, 127px\" \/> <img loading=\"lazy\" decoding=\"async\" class=\"alignnone wp-image-62\" src=\"http:\/\/redepolitecnicosdesporto.com\/forum\/wp-content\/uploads\/2016\/05\/CM-Set\u00fabal.jpg\" alt=\"CM Set\u00fabal\" width=\"120\" height=\"79\" \/>\u00a0\u00a0<img loading=\"lazy\" decoding=\"async\" class=\"wp-image-66 alignnone\" src=\"http:\/\/redepolitecnicosdesporto.com\/forum\/wp-content\/uploads\/2016\/05\/SET\u00daBAL-2016-CIDADE-EUROPEIA-DO-DESPORTO-PT_EN-1-300x300.jpg\" alt=\"SET\u00daBAL 2016 CIDADE EUROPEIA DO DESPORTO PT_EN 1\" width=\"112\" height=\"112\" srcset=\"https:\/\/redepolitecnicosdesporto.pt\/forum\/wp-content\/uploads\/2016\/05\/SET\u00daBAL-2016-CIDADE-EUROPEIA-DO-DESPORTO-PT_EN-1-300x300.jpg 300w, https:\/\/redepolitecnicosdesporto.pt\/forum\/wp-content\/uploads\/2016\/05\/SET\u00daBAL-2016-CIDADE-EUROPEIA-DO-DESPORTO-PT_EN-1-150x150.jpg 150w, https:\/\/redepolitecnicosdesporto.pt\/forum\/wp-content\/uploads\/2016\/05\/SET\u00daBAL-2016-CIDADE-EUROPEIA-DO-DESPORTO-PT_EN-1-768x768.jpg 768w, https:\/\/redepolitecnicosdesporto.pt\/forum\/wp-content\/uploads\/2016\/05\/SET\u00daBAL-2016-CIDADE-EUROPEIA-DO-DESPORTO-PT_EN-1.jpg 886w\" sizes=\"auto, (max-width: 112px) 100vw, 112px\" \/><\/strong><\/p>\n<p>&nbsp;<\/p>\n<p><strong>F\u00d3RUM POLIT\u00c9CNICOS &#8211; DESPORTO<\/strong><\/p>\n<p><strong>Organiza\u00e7\u00e3o : <\/strong><\/p>\n<p><strong>Conselho Coordenador dos Institutos Superiores Polit\u00e9cnicos; REDESPP;\u00a0<\/strong><strong>Minist\u00e9rio da Ci\u00eancia, Tecnologia e Ensino Superior;<\/strong><strong>\u00a0<\/strong><strong>Instituto Polit\u00e9cnico de Set\u00fabal;\u00a0<\/strong><strong>Instituto Polit\u00e9cnico de Santar\u00e9m; C\u00e2mara Municipal de Set\u00fabal \u2013 Set\u00fabal Cidade Europeia do Desporto 2016;\u00a0<\/strong><\/p>\n<p><strong>OBJETIVOS DA REDESPP:<\/strong><\/p>\n<p>Os Institutos Polit\u00e9cnicos e Universidade do Algarve signat\u00e1rios subscreveram a constitui\u00e7\u00e3o da Rede de Escolas com Forma\u00e7\u00e3o em Desporto do Ensino Superior Polit\u00e9cnico P\u00fablico &#8211; REDESPP, com a afilia\u00e7\u00e3o das suas escolas vocacionadas para o ensino, a forma\u00e7\u00e3o, a investiga\u00e7\u00e3o, a divulga\u00e7\u00e3o e transfer\u00eancia do conhecimento, a presta\u00e7\u00e3o de servi\u00e7os \u00e0 comunidade e o desenvolvimento na \u00e1rea do Desporto.<\/p>\n<p>Com este prop\u00f3sito, os Institutos Polit\u00e9cnicos e Universidade do Algarve, ao vincularem-se a esta iniciativa, relevaram como importantes, para o seu desenvolvimento e para a interven\u00e7\u00e3o social em causa, os objetivos explicitados neste memorando que determinaram constitui\u00e7\u00e3o da REDESPP.<\/p>\n<p>S\u00e3o objetivos espec\u00edficos da rede:<\/p>\n<ol>\n<li>Promover sinergias institucionais que garantam o desenvolvimento da forma\u00e7\u00e3o e da investiga\u00e7\u00e3o na \u00e1rea do desporto no ensino superior polit\u00e9cnico p\u00fablico, bem como a prossecu\u00e7\u00e3o de parcerias e projetos comuns na promo\u00e7\u00e3o de servi\u00e7os \u00e0 comunidade e de apoio ao desenvolvimento do desporto.<\/li>\n<li>Cooperar para assegurar a rentabiliza\u00e7\u00e3o e uma melhor utiliza\u00e7\u00e3o dos recursos institucionais existentes, nomeadamente ao n\u00edvel da multidisciplinaridade de equipas de docentes e investigadores e da partilha de equipamentos e materiais laboratoriais.<\/li>\n<li>Apoiar o desenvolvimento de projetos e parcerias de investiga\u00e7\u00e3o cient\u00edfica e tecnol\u00f3gica.<\/li>\n<li>Referenciar a oferta formativa das institui\u00e7\u00f5es elaborando parecer sobre o desenvolvimento de programas de forma\u00e7\u00e3o, na \u00e1rea do desporto, e colaborando na constru\u00e7\u00e3o e aplica\u00e7\u00e3o de programas de forma\u00e7\u00e3o interinstitucionais.<\/li>\n<li>Promover o incentivo \u00e0 mobilidade de estudantes, docentes e n\u00e3o-docentes, entre as institui\u00e7\u00f5es envolvidas, tornando a sua experi\u00eancia mais rica e melhorando os processos de educa\u00e7\u00e3o em que est\u00e3o envolvidos.<\/li>\n<li>Intervir social e politicamente sobre a estrat\u00e9gia nacional e internacional na \u00e1rea do desenvolvimento e promo\u00e7\u00e3o do desporto.<\/li>\n<\/ol>\n<p><strong>\u00a0<\/strong><strong>F\u00d3RUM POLIT\u00c9CNICOS &#8211; DESPORTO<\/strong><\/p>\n<p><strong>T\u00edtulo:<\/strong> Construir Redes para a qualidade da forma\u00e7\u00e3o em desporto no ensino superior<\/p>\n<p><strong>Subt\u00edtulo:<\/strong> Coopera\u00e7\u00e3o e partilha do conhecimento para uma forma\u00e7\u00e3o de excel\u00eancia nas profiss\u00f5es do desporto<\/p>\n<p><strong>\u00c1reas Tem\u00e1ticas do F\u00f3rum:<\/strong><\/p>\n<p>A &#8211; Qualidade no Ensino Superior<br \/>\nB &#8211; Redes de Conhecimento em Desporto<br \/>\nC &#8211; Forma\u00e7\u00e3o para as Profiss\u00f5es do Desporto<\/p>\n<p><strong>Data:<\/strong> 03 e 04 de novembro de 2016<\/p>\n<p><strong>Local:<\/strong> Audit\u00f3rio da Escola Superior das Ci\u00eancias Empresariais do IPS \u2013 Campus do IPS Estefanilha, 2910 -761 Set\u00fabal<\/p>\n","protected":false},"excerpt":{"rendered":"<p>\u00a0 \u00a0\u00a0 &nbsp; F\u00d3RUM POLIT\u00c9CNICOS &#8211; DESPORTO Organiza\u00e7\u00e3o : Conselho Coordenador dos Institutos Superiores Polit\u00e9cnicos; REDESPP;\u00a0Minist\u00e9rio da Ci\u00eancia, Tecnologia e Ensino Superior;\u00a0Instituto Polit\u00e9cnico de Set\u00fabal;\u00a0Instituto Polit\u00e9cnico de Santar\u00e9m; C\u00e2mara Municipal de Set\u00fabal \u2013 Set\u00fabal Cidade Europeia do Desporto 2016;\u00a0 OBJETIVOS DA REDESPP: Os Institutos Polit\u00e9cnicos e Universidade do Algarve signat\u00e1rios subscreveram a constitui\u00e7\u00e3o da Rede &hellip; <a href=\"https:\/\/redepolitecnicosdesporto.pt\/forum\/\" class=\"more-link\">Continuar a ler <span class=\"screen-reader-text\">Apresenta\u00e7\u00e3o<\/span><\/a><\/p>\n","protected":false},"author":1,"featured_media":0,"parent":0,"menu_order":0,"comment_status":"closed","ping_status":"closed","template":"","meta":{"footnotes":""},"class_list":["post-32","page","type-page","status-publish","hentry"],"_links":{"self":[{"href":"https:\/\/redepolitecnicosdesporto.pt\/forum\/wp-json\/wp\/v2\/pages\/32","targetHints":{"allow":["GET"]}}],"collection":[{"href":"https:\/\/redepolitecnicosdesporto.pt\/forum\/wp-json\/wp\/v2\/pages"}],"about":[{"href":"https:\/\/redepolitecnicosdesporto.pt\/forum\/wp-json\/wp\/v2\/types\/page"}],"author":[{"embeddable":true,"href":"https:\/\/redepolitecnicosdesporto.pt\/forum\/wp-json\/wp\/v2\/users\/1"}],"replies":[{"embeddable":true,"href":"https:\/\/redepolitecnicosdesporto.pt\/forum\/wp-json\/wp\/v2\/comments?post=32"}],"version-history":[{"count":8,"href":"https:\/\/redepolitecnicosdesporto.pt\/forum\/wp-json\/wp\/v2\/pages\/32\/revisions"}],"predecessor-version":[{"id":80,"href":"https:\/\/redepolitecnicosdesporto.pt\/forum\/wp-json\/wp\/v2\/pages\/32\/revisions\/80"}],"wp:attachment":[{"href":"https:\/\/redepolitecnicosdesporto.pt\/forum\/wp-json\/wp\/v2\/media?parent=32"}],"curies":[{"name":"wp","href":"https:\/\/api.w.org\/{rel}","templated":true}]}}