{"id":85,"date":"2016-10-31T09:46:59","date_gmt":"2016-10-31T09:46:59","guid":{"rendered":"http:\/\/redepolitecnicosdesporto.com\/forum\/?page_id=85"},"modified":"2016-10-31T17:49:36","modified_gmt":"2016-10-31T17:49:36","slug":"livro-de-resumos","status":"publish","type":"page","link":"https:\/\/redepolitecnicosdesporto.pt\/forum\/livro-de-resumos\/","title":{"rendered":"Livro de Resumos"},"content":{"rendered":"<p><span style=\"color: #0000ff;\"><a style=\"color: #0000ff;\" href=\"http:\/\/redepolitecnicosdesporto.com\/forum\/wp-content\/uploads\/2016\/10\/Livro_Resumos_F\u00f3rum_Desporto_REDESPP_2016-1.pdf\">livro_resumos_forum_desporto_redespp_2016<\/a><\/span><\/p>\n<p><strong>T\u00edtulo:\u00a0<\/strong><\/p>\n<p>Livro de Atas do &#8220;1\u00ba F\u00f3rum REDESPP &#8211; DESPORTO &#8211; Construir Redes para a qualidade da forma\u00e7\u00e3o em desporto no ensino superior: Coopera\u00e7\u00e3o e partilha do conhecimento para uma forma\u00e7\u00e3o de excel\u00eancia nas profiss\u00f5es do desporto.&#8221;<\/p>\n<p><strong>Autoria:<\/strong><\/p>\n<p>REDESPP &#8211; Rede de Escolas do Ensino Superior Polit\u00e9cnico com Forma\u00e7\u00e3o em Desporto<\/p>\n<p><strong>Edi\u00e7\u00e3o:<\/strong><\/p>\n<p>REDESPP e IPS<\/p>\n<p><strong>Editores: <\/strong><\/p>\n<p>T.P. Figueiredo, M.A. Espada, P.A. Nunes\u00a0&amp; J.F. Rodrigues<\/p>\n<p><strong>Data:<\/strong><\/p>\n<p>3 e 4 de novembro de 2016<\/p>\n<p><strong>ISBN: <\/strong><\/p>\n<p>978-989-99598-2-8<\/p>\n","protected":false},"excerpt":{"rendered":"<p>livro_resumos_forum_desporto_redespp_2016 T\u00edtulo:\u00a0 Livro de Atas do &#8220;1\u00ba F\u00f3rum REDESPP &#8211; DESPORTO &#8211; Construir Redes para a qualidade da forma\u00e7\u00e3o em desporto no ensino superior: Coopera\u00e7\u00e3o e partilha do conhecimento para uma forma\u00e7\u00e3o de excel\u00eancia nas profiss\u00f5es do desporto.&#8221; Autoria: REDESPP &#8211; Rede de Escolas do Ensino Superior Polit\u00e9cnico com Forma\u00e7\u00e3o em Desporto Edi\u00e7\u00e3o: REDESPP e &hellip; <a href=\"https:\/\/redepolitecnicosdesporto.pt\/forum\/livro-de-resumos\/\" class=\"more-link\">Continuar a ler <span class=\"screen-reader-text\">Livro de Resumos<\/span><\/a><\/p>\n","protected":false},"author":1,"featured_media":0,"parent":0,"menu_order":0,"comment_status":"closed","ping_status":"closed","template":"","meta":{"footnotes":""},"class_list":["post-85","page","type-page","status-publish","hentry"],"_links":{"self":[{"href":"https:\/\/redepolitecnicosdesporto.pt\/forum\/wp-json\/wp\/v2\/pages\/85","targetHints":{"allow":["GET"]}}],"collection":[{"href":"https:\/\/redepolitecnicosdesporto.pt\/forum\/wp-json\/wp\/v2\/pages"}],"about":[{"href":"https:\/\/redepolitecnicosdesporto.pt\/forum\/wp-json\/wp\/v2\/types\/page"}],"author":[{"embeddable":true,"href":"https:\/\/redepolitecnicosdesporto.pt\/forum\/wp-json\/wp\/v2\/users\/1"}],"replies":[{"embeddable":true,"href":"https:\/\/redepolitecnicosdesporto.pt\/forum\/wp-json\/wp\/v2\/comments?post=85"}],"version-history":[{"count":3,"href":"https:\/\/redepolitecnicosdesporto.pt\/forum\/wp-json\/wp\/v2\/pages\/85\/revisions"}],"predecessor-version":[{"id":91,"href":"https:\/\/redepolitecnicosdesporto.pt\/forum\/wp-json\/wp\/v2\/pages\/85\/revisions\/91"}],"wp:attachment":[{"href":"https:\/\/redepolitecnicosdesporto.pt\/forum\/wp-json\/wp\/v2\/media?parent=85"}],"curies":[{"name":"wp","href":"https:\/\/api.w.org\/{rel}","templated":true}]}}